{"id":3196,"date":"2024-07-08T10:02:46","date_gmt":"2024-07-08T08:02:46","guid":{"rendered":"https:\/\/linedaenen.com\/?page_id=3196"},"modified":"2024-07-08T12:47:41","modified_gmt":"2024-07-08T10:47:41","slug":"trio-misturado-page-pro","status":"publish","type":"page","link":"https:\/\/linedaenen.com\/index.php\/trio-misturado-page-pro\/","title":{"rendered":""},"content":{"rendered":"<section class=\"wpb-content-wrapper\"><p>[vc_row][vc_column width=&#8221;1\/4&#8243;][\/vc_column][vc_column width=&#8221;1\/2&#8243;][vc_single_image image=&#8221;3225&#8243; img_size=&#8221;full&#8221; add_caption=&#8221;yes&#8221; alignment=&#8221;center&#8221;][\/vc_column][vc_column width=&#8221;1\/4&#8243;][\/vc_column][\/vc_row][vc_row][vc_column][vc_column_text]<\/p>\n<h2>Excerpt from the EP:<\/h2>\n<p>[\/vc_column_text]\t<div class=\"lc_swp_boxed lc_wave_player_container\" data-wavecol=\"#81d742\" data-waveprogcol=\"\" data-autoplay=\"no\" data-lazyload=\"no\">\r\n\t\t<div class=\"cover_and_wave clearfix\">\r\n\t\t\t\t\t\t<div class=\"wave_player_cover\">\r\n\t\t\t\t<img decoding=\"async\" width=\"222\" height=\"222\" src=\"https:\/\/linedaenen.com\/wp-content\/uploads\/2024\/07\/Sans-nom-2-e1720426619711.jpg\" class=\"attachment-full size-full\" alt=\"\" \/>\t\t\t<\/div>\r\n\t\t\t\r\n\t\t\t<div class=\"lc_waveform_container\">\r\n\t\t\t\t<div class=\"lc_player_controls\">\r\n\t\t\t\t\t<i class=\"fas fa-step-backward\"><\/i>\r\n\t\t\t\t\t<i class=\"fas fa-play-circle lc_vibrant_color\"><\/i>\r\n\t\t\t\t\t<i class=\"fas fa-pause-circle\"><\/i>\r\n\t\t\t\t\t<i class=\"fas fa-step-forward\"><\/i>\r\n\t\t\t\t<\/div>\r\n\r\n\t\t\t\t<div class=\"lc_waveform\" id=\"wave_69f095734fcc0\">\r\n\t\t\t\t\t<div class=\"progress_bar\"><\/div>\r\n\t\t\t\t<\/div>\r\n\r\n\t\t\t<div class=\"wave_music_content\">\r\n\t\t\t\t\t\r\n\t<div class=\"wave_player_entry clearfix\" data-mediafile=\"https:\/\/linedaenen.com\/wp-content\/uploads\/2024\/07\/Cacua.mp3\">\r\n\t\t<span class=\"wave_song_details\">\r\n\t\t\t<span class=\"play_icon\">\r\n\t\t\t\t<i class=\"fas fa-play\"><\/i>\r\n\t\t\t<\/span>\r\n\t\t\t<span class=\"wave_artist_name\">\r\n\t\t\t\t\t\t\t<\/span>\r\n\r\n\t\t\t<span class=\"name_artist_sep\">\r\n\t\t\t&ndash;\r\n\t\t\t<\/span>\r\n\r\n\t\t\t<span class=\"wave_song_name\">\r\n\t\t\t\tCa\u00e7u\u00e0\t\t\t<\/span>\r\n\t\t<\/span>\r\n\r\n\t\t\t\t\r\n\t<\/div>\r\n\r\n\t\r\n\t<div class=\"wave_player_entry clearfix\" data-mediafile=\"https:\/\/linedaenen.com\/wp-content\/uploads\/2024\/07\/Give-and-Take.mp3\">\r\n\t\t<span class=\"wave_song_details\">\r\n\t\t\t<span class=\"play_icon\">\r\n\t\t\t\t<i class=\"fas fa-play\"><\/i>\r\n\t\t\t<\/span>\r\n\t\t\t<span class=\"wave_artist_name\">\r\n\t\t\t\t\t\t\t<\/span>\r\n\r\n\t\t\t<span class=\"name_artist_sep\">\r\n\t\t\t&ndash;\r\n\t\t\t<\/span>\r\n\r\n\t\t\t<span class=\"wave_song_name\">\r\n\t\t\t\tGive and Take\t\t\t<\/span>\r\n\t\t<\/span>\r\n\r\n\t\t\t\t\r\n\t<\/div>\r\n\r\n\t\r\n\t<div class=\"wave_player_entry clearfix\" data-mediafile=\"https:\/\/linedaenen.com\/wp-content\/uploads\/2024\/07\/Choro-Pesado.mp3\">\r\n\t\t<span class=\"wave_song_details\">\r\n\t\t\t<span class=\"play_icon\">\r\n\t\t\t\t<i class=\"fas fa-play\"><\/i>\r\n\t\t\t<\/span>\r\n\t\t\t<span class=\"wave_artist_name\">\r\n\t\t\t\t\t\t\t<\/span>\r\n\r\n\t\t\t<span class=\"name_artist_sep\">\r\n\t\t\t&ndash;\r\n\t\t\t<\/span>\r\n\r\n\t\t\t<span class=\"wave_song_name\">\r\n\t\t\t\tChoro pesado\t\t\t<\/span>\r\n\t\t<\/span>\r\n\r\n\t\t\t\t\r\n\t<\/div>\r\n\r\n\t\t\t<\/div>\r\n\t\t\t<\/div>\r\n\t\t<\/div>\r\n\t<\/div>\r\n[\/vc_column][\/vc_row][vc_row][vc_column][\/vc_column][\/vc_row][vc_row][vc_column width=&#8221;1\/3&#8243;][vc_empty_space][vc_video link=&#8221;https:\/\/www.youtube.com\/watch?v=C5YmHRMJfMQ&#8221;][\/vc_column][vc_column width=&#8221;1\/3&#8243;][vc_empty_space][vc_video link=&#8221;https:\/\/www.youtube.com\/watch?v=JjwkzRGEwT0&#8243;][\/vc_column][vc_column width=&#8221;1\/3&#8243;][vc_empty_space][vc_video link=&#8221;https:\/\/www.youtube.com\/watch?v=9RYryGF0zZw&#8221;][\/vc_column][\/vc_row][vc_row][vc_column width=&#8221;1\/3&#8243;][vc_empty_space][vc_column_text]<\/p>\n<div dir=\"auto\">Trio misturado, sounds like a good meal with a base of acoustic Brazilian music, sprinkled with jazz and classical music. It&#8217;s also the pleasure of telling great stories, epics full of nuances and rhythmic variations, all wrapped up in poetry and finesse.<\/div>\n<div dir=\"auto\"><\/div>\n<div dir=\"auto\"><\/div>\n<div dir=\"auto\">The trio&#8217;s sound allows for plenty of space and a delightful variation of roles. Trio Misturado&#8217;s sonic voyage features original compositions as well as reworkings of their own compositions, with a light, dense skill that oscillates between improvisation, written music, counterpoint and osmosis.<\/div>\n<div dir=\"auto\"><\/div>\n<div dir=\"auto\">Suspended time, a breath of fresh air!<\/div>\n<p>[\/vc_column_text][\/vc_column][vc_column width=&#8221;1\/3&#8243;][vc_empty_space][vc_column_text]<\/p>\n<div dir=\"auto\">\n<div dir=\"auto\">Trio misturado, sonne comme un bon repas avec base de musique acoustique br\u00e9silienne, saupoudr\u00e9e de jazz et de musique classique. C\u2019est aussi le plaisir de raconter de grandes histoires, que dis-je des \u00e9pop\u00e9es emplies de nuances, de variations rythmiques le tout enrob\u00e9 de po\u00e9sie et de finesse.<\/div>\n<div dir=\"auto\"><\/div>\n<div dir=\"auto\">Le son du trio permet beaucoup d\u2019espace et une variation des r\u00f4les d\u00e9licieuses, Trio Misturado vous propose pour ce voyage sonore des compositions originales mais aussi des reprises remani\u00e9es de fa\u00e7on tout \u00e0 fait personnelles avec une habilit\u00e9 l\u00e9g\u00e8re et dense en oscillant entre improvisations, musique \u00e9crite, contrepoint et osmose.<\/div>\n<div dir=\"auto\"><\/div>\n<\/div>\n<div dir=\"auto\">Un temps suspendu, une respiration en perspective !<\/div>\n<p>[\/vc_column_text][\/vc_column][vc_column width=&#8221;1\/3&#8243;][vc_empty_space][vc_column_text]<\/p>\n<div dir=\"auto\">Trio misturado klinkt als een goede maaltijd met een basis van akoestische Braziliaanse muziek, besprenkeld met jazz en klassieke muziek. Het is ook het plezier van het vertellen van grote verhalen, epossen vol nuances en ritmische variaties, allemaal verpakt in po\u00ebzie en finesse.<\/div>\n<div dir=\"auto\"><\/div>\n<div dir=\"auto\">Het geluid van het trio biedt veel ruimte en een heerlijke afwisseling van rollen. De muzikale reis van Trio Misturado omvat zowel originele composities als herwerkingen op hun eigen persoonlijke manier, met een lichte, dichte vaardigheid die schommelt tussen improvisatie, geschreven muziek, contrapunt en osmose.<\/div>\n<div dir=\"auto\"><\/div>\n<div dir=\"auto\">Een zwevend moment, een frisse wind!<\/div>\n<p>[\/vc_column_text][\/vc_column][\/vc_row][vc_row][vc_column width=&#8221;1\/3&#8243;][\/vc_column][vc_column width=&#8221;1\/3&#8243;][\/vc_column][vc_column width=&#8221;1\/3&#8243;][\/vc_column][\/vc_row][vc_row][vc_column]<div class=\"lc_swp_justified_gallery\" data-rheight=\"180\"><div class=\"img_box\"><div class=\"gallery_brick_overlay\"><\/div><a href=\"https:\/\/linedaenen.com\/wp-content\/uploads\/2024\/07\/DYOD_7062-scaled.jpg\" data-lightbox=\"photoAlbum1588112634\"><img fetchpriority=\"high\" decoding=\"async\" width=\"300\" height=\"200\" src=\"https:\/\/linedaenen.com\/wp-content\/uploads\/2024\/07\/DYOD_7062-300x200.jpg\" class=\"attachment-medium size-medium\" alt=\"\" srcset=\"https:\/\/linedaenen.com\/wp-content\/uploads\/2024\/07\/DYOD_7062-300x200.jpg 300w, https:\/\/linedaenen.com\/wp-content\/uploads\/2024\/07\/DYOD_7062-1024x681.jpg 1024w, https:\/\/linedaenen.com\/wp-content\/uploads\/2024\/07\/DYOD_7062-768x511.jpg 768w, https:\/\/linedaenen.com\/wp-content\/uploads\/2024\/07\/DYOD_7062-1536x1022.jpg 1536w, https:\/\/linedaenen.com\/wp-content\/uploads\/2024\/07\/DYOD_7062-2048x1363.jpg 2048w\" sizes=\"(max-width: 300px) 100vw, 300px\" \/><\/a><\/div><div class=\"img_box\"><div class=\"gallery_brick_overlay\"><\/div><a href=\"https:\/\/linedaenen.com\/wp-content\/uploads\/2024\/07\/DYOD_7251-scaled.jpg\" data-lightbox=\"photoAlbum1588112634\"><img decoding=\"async\" width=\"225\" height=\"300\" src=\"https:\/\/linedaenen.com\/wp-content\/uploads\/2024\/07\/DYOD_7251-225x300.jpg\" class=\"attachment-medium size-medium\" alt=\"\" srcset=\"https:\/\/linedaenen.com\/wp-content\/uploads\/2024\/07\/DYOD_7251-225x300.jpg 225w, https:\/\/linedaenen.com\/wp-content\/uploads\/2024\/07\/DYOD_7251-768x1024.jpg 768w, https:\/\/linedaenen.com\/wp-content\/uploads\/2024\/07\/DYOD_7251-1152x1536.jpg 1152w, https:\/\/linedaenen.com\/wp-content\/uploads\/2024\/07\/DYOD_7251-1536x2048.jpg 1536w, https:\/\/linedaenen.com\/wp-content\/uploads\/2024\/07\/DYOD_7251-scaled.jpg 1921w\" sizes=\"(max-width: 225px) 100vw, 225px\" \/><\/a><\/div><div class=\"img_box\"><div class=\"gallery_brick_overlay\"><\/div><a href=\"https:\/\/linedaenen.com\/wp-content\/uploads\/2024\/07\/DYOD_7315-scaled.jpg\" data-lightbox=\"photoAlbum1588112634\"><img loading=\"lazy\" decoding=\"async\" width=\"200\" height=\"300\" src=\"https:\/\/linedaenen.com\/wp-content\/uploads\/2024\/07\/DYOD_7315-200x300.jpg\" class=\"attachment-medium size-medium\" alt=\"\" srcset=\"https:\/\/linedaenen.com\/wp-content\/uploads\/2024\/07\/DYOD_7315-200x300.jpg 200w, https:\/\/linedaenen.com\/wp-content\/uploads\/2024\/07\/DYOD_7315-681x1024.jpg 681w, https:\/\/linedaenen.com\/wp-content\/uploads\/2024\/07\/DYOD_7315-768x1154.jpg 768w, https:\/\/linedaenen.com\/wp-content\/uploads\/2024\/07\/DYOD_7315-1022x1536.jpg 1022w, https:\/\/linedaenen.com\/wp-content\/uploads\/2024\/07\/DYOD_7315-1363x2048.jpg 1363w, https:\/\/linedaenen.com\/wp-content\/uploads\/2024\/07\/DYOD_7315-scaled.jpg 1703w\" sizes=\"(max-width: 200px) 100vw, 200px\" \/><\/a><\/div><div class=\"img_box\"><div class=\"gallery_brick_overlay\"><\/div><a href=\"https:\/\/linedaenen.com\/wp-content\/uploads\/2024\/07\/DYOD_7349-scaled.jpg\" data-lightbox=\"photoAlbum1588112634\"><img loading=\"lazy\" decoding=\"async\" width=\"200\" height=\"300\" src=\"https:\/\/linedaenen.com\/wp-content\/uploads\/2024\/07\/DYOD_7349-200x300.jpg\" class=\"attachment-medium size-medium\" alt=\"\" srcset=\"https:\/\/linedaenen.com\/wp-content\/uploads\/2024\/07\/DYOD_7349-200x300.jpg 200w, https:\/\/linedaenen.com\/wp-content\/uploads\/2024\/07\/DYOD_7349-681x1024.jpg 681w, https:\/\/linedaenen.com\/wp-content\/uploads\/2024\/07\/DYOD_7349-768x1154.jpg 768w, https:\/\/linedaenen.com\/wp-content\/uploads\/2024\/07\/DYOD_7349-1022x1536.jpg 1022w, https:\/\/linedaenen.com\/wp-content\/uploads\/2024\/07\/DYOD_7349-1363x2048.jpg 1363w, https:\/\/linedaenen.com\/wp-content\/uploads\/2024\/07\/DYOD_7349-scaled.jpg 1703w\" sizes=\"(max-width: 200px) 100vw, 200px\" \/><\/a><\/div><div class=\"img_box\"><div class=\"gallery_brick_overlay\"><\/div><a href=\"https:\/\/linedaenen.com\/wp-content\/uploads\/2024\/07\/DYOD_7373-scaled.jpg\" data-lightbox=\"photoAlbum1588112634\"><img loading=\"lazy\" decoding=\"async\" width=\"200\" height=\"300\" src=\"https:\/\/linedaenen.com\/wp-content\/uploads\/2024\/07\/DYOD_7373-200x300.jpg\" class=\"attachment-medium size-medium\" alt=\"\" srcset=\"https:\/\/linedaenen.com\/wp-content\/uploads\/2024\/07\/DYOD_7373-200x300.jpg 200w, https:\/\/linedaenen.com\/wp-content\/uploads\/2024\/07\/DYOD_7373-682x1024.jpg 682w, https:\/\/linedaenen.com\/wp-content\/uploads\/2024\/07\/DYOD_7373-768x1154.jpg 768w, https:\/\/linedaenen.com\/wp-content\/uploads\/2024\/07\/DYOD_7373-1022x1536.jpg 1022w, https:\/\/linedaenen.com\/wp-content\/uploads\/2024\/07\/DYOD_7373-1363x2048.jpg 1363w, https:\/\/linedaenen.com\/wp-content\/uploads\/2024\/07\/DYOD_7373-scaled.jpg 1704w\" sizes=\"(max-width: 200px) 100vw, 200px\" \/><\/a><\/div><div class=\"img_box\"><div class=\"gallery_brick_overlay\"><\/div><a href=\"https:\/\/linedaenen.com\/wp-content\/uploads\/2024\/07\/DYOD_7395-scaled.jpg\" data-lightbox=\"photoAlbum1588112634\"><img loading=\"lazy\" decoding=\"async\" width=\"300\" height=\"200\" src=\"https:\/\/linedaenen.com\/wp-content\/uploads\/2024\/07\/DYOD_7395-300x200.jpg\" class=\"attachment-medium size-medium\" alt=\"\" srcset=\"https:\/\/linedaenen.com\/wp-content\/uploads\/2024\/07\/DYOD_7395-300x200.jpg 300w, https:\/\/linedaenen.com\/wp-content\/uploads\/2024\/07\/DYOD_7395-1024x681.jpg 1024w, https:\/\/linedaenen.com\/wp-content\/uploads\/2024\/07\/DYOD_7395-768x511.jpg 768w, https:\/\/linedaenen.com\/wp-content\/uploads\/2024\/07\/DYOD_7395-1536x1022.jpg 1536w, https:\/\/linedaenen.com\/wp-content\/uploads\/2024\/07\/DYOD_7395-2048x1363.jpg 2048w\" sizes=\"(max-width: 300px) 100vw, 300px\" \/><\/a><\/div><\/div>[vc_column_text]pictures by dyod.be[\/vc_column_text][\/vc_column][\/vc_row]<\/p>\n<\/section>","protected":false},"excerpt":{"rendered":"<p>[vc_row][vc_column width=&#8221;1\/4&#8243;][\/vc_column][vc_column width=&#8221;1\/2&#8243;][vc_single_image image=&#8221;3225&#8243; img_size=&#8221;full&#8221; add_caption=&#8221;yes&#8221; alignment=&#8221;center&#8221;][\/vc_column][vc_column width=&#8221;1\/4&#8243;][\/vc_column][\/vc_row][vc_row][vc_column][vc_column_text] Excerpt from the EP: [\/vc_column_text][\/vc_column][\/vc_row][vc_row][vc_column][\/vc_column][\/vc_row][vc_row][vc_column width=&#8221;1\/3&#8243;][vc_empty_space][vc_video link=&#8221;https:\/\/www.youtube.com\/watch?v=C5YmHRMJfMQ&#8221;][\/vc_column][vc_column width=&#8221;1\/3&#8243;][vc_empty_space][vc_video link=&#8221;https:\/\/www.youtube.com\/watch?v=JjwkzRGEwT0&#8243;][\/vc_column][vc_column width=&#8221;1\/3&#8243;][vc_empty_space][vc_video link=&#8221;https:\/\/www.youtube.com\/watch?v=9RYryGF0zZw&#8221;][\/vc_column][\/vc_row][vc_row][vc_column width=&#8221;1\/3&#8243;][vc_empty_space][vc_column_text] Trio misturado, sounds like a good meal with a base of acoustic Brazilian music, sprinkled with jazz and classical music&#8230;.<\/p>\n","protected":false},"author":1,"featured_media":0,"parent":0,"menu_order":0,"comment_status":"closed","ping_status":"closed","template":"","meta":{"footnotes":""},"class_list":["post-3196","page","type-page","status-publish","hentry"],"yoast_head":"<!-- This site is optimized with the Yoast SEO plugin v23.0 - https:\/\/yoast.com\/wordpress\/plugins\/seo\/ -->\n<title>-<\/title>\n<meta name=\"robots\" content=\"index, follow, max-snippet:-1, max-image-preview:large, max-video-preview:-1\" \/>\n<link rel=\"canonical\" href=\"https:\/\/linedaenen.com\/index.php\/trio-misturado-page-pro\/\" \/>\n<meta property=\"og:locale\" content=\"fr_FR\" \/>\n<meta property=\"og:type\" content=\"article\" \/>\n<meta property=\"og:title\" content=\"-\" \/>\n<meta property=\"og:description\" content=\"[vc_row][vc_column width=&#8221;1\/4&#8243;][\/vc_column][vc_column width=&#8221;1\/2&#8243;][vc_single_image image=&#8221;3225&#8243; img_size=&#8221;full&#8221; add_caption=&#8221;yes&#8221; alignment=&#8221;center&#8221;][\/vc_column][vc_column width=&#8221;1\/4&#8243;][\/vc_column][\/vc_row][vc_row][vc_column][vc_column_text] Excerpt from the EP: [\/vc_column_text][\/vc_column][\/vc_row][vc_row][vc_column][\/vc_column][\/vc_row][vc_row][vc_column width=&#8221;1\/3&#8243;][vc_empty_space][vc_video link=&#8221;https:\/\/www.youtube.com\/watch?v=C5YmHRMJfMQ&#8221;][\/vc_column][vc_column width=&#8221;1\/3&#8243;][vc_empty_space][vc_video link=&#8221;https:\/\/www.youtube.com\/watch?v=JjwkzRGEwT0&#8243;][\/vc_column][vc_column width=&#8221;1\/3&#8243;][vc_empty_space][vc_video link=&#8221;https:\/\/www.youtube.com\/watch?v=9RYryGF0zZw&#8221;][\/vc_column][\/vc_row][vc_row][vc_column width=&#8221;1\/3&#8243;][vc_empty_space][vc_column_text] Trio misturado, sounds like a good meal with a base of acoustic Brazilian music, sprinkled with jazz and classical music....\" \/>\n<meta property=\"og:url\" content=\"https:\/\/linedaenen.com\/index.php\/trio-misturado-page-pro\/\" \/>\n<meta property=\"article:publisher\" content=\"https:\/\/www.facebook.com\/line.daenen\" \/>\n<meta property=\"article:modified_time\" content=\"2024-07-08T10:47:41+00:00\" \/>\n<meta name=\"twitter:card\" content=\"summary_large_image\" \/>\n<meta name=\"twitter:label1\" content=\"Dur\u00e9e de lecture estim\u00e9e\" \/>\n\t<meta name=\"twitter:data1\" content=\"3 minutes\" \/>\n<script type=\"application\/ld+json\" class=\"yoast-schema-graph\">{\"@context\":\"https:\/\/schema.org\",\"@graph\":[{\"@type\":\"WebPage\",\"@id\":\"https:\/\/linedaenen.com\/index.php\/trio-misturado-page-pro\/\",\"url\":\"https:\/\/linedaenen.com\/index.php\/trio-misturado-page-pro\/\",\"name\":\"-\",\"isPartOf\":{\"@id\":\"https:\/\/linedaenen.com\/#website\"},\"datePublished\":\"2024-07-08T08:02:46+00:00\",\"dateModified\":\"2024-07-08T10:47:41+00:00\",\"inLanguage\":\"fr-FR\",\"potentialAction\":[{\"@type\":\"ReadAction\",\"target\":[\"https:\/\/linedaenen.com\/index.php\/trio-misturado-page-pro\/\"]}]},{\"@type\":\"WebSite\",\"@id\":\"https:\/\/linedaenen.com\/#website\",\"url\":\"https:\/\/linedaenen.com\/\",\"name\":\"Line Daenen\",\"description\":\"\",\"publisher\":{\"@id\":\"https:\/\/linedaenen.com\/#organization\"},\"potentialAction\":[{\"@type\":\"SearchAction\",\"target\":{\"@type\":\"EntryPoint\",\"urlTemplate\":\"https:\/\/linedaenen.com\/?s={search_term_string}\"},\"query-input\":\"required name=search_term_string\"}],\"inLanguage\":\"fr-FR\"},{\"@type\":\"Organization\",\"@id\":\"https:\/\/linedaenen.com\/#organization\",\"name\":\"Line Daenen\",\"url\":\"https:\/\/linedaenen.com\/\",\"logo\":{\"@type\":\"ImageObject\",\"inLanguage\":\"fr-FR\",\"@id\":\"https:\/\/linedaenen.com\/#\/schema\/logo\/image\/\",\"url\":\"https:\/\/linedaenen.com\/wp-content\/uploads\/2024\/07\/DYOD_7171.jpg\",\"contentUrl\":\"https:\/\/linedaenen.com\/wp-content\/uploads\/2024\/07\/DYOD_7171.jpg\",\"width\":1555,\"height\":2333,\"caption\":\"Line Daenen\"},\"image\":{\"@id\":\"https:\/\/linedaenen.com\/#\/schema\/logo\/image\/\"},\"sameAs\":[\"https:\/\/www.facebook.com\/line.daenen\",\"https:\/\/www.youtube.com\/channel\/UC3VL_rU4orGFkJdhfT6GgGQ\"]}]}<\/script>\n<!-- \/ Yoast SEO plugin. -->","yoast_head_json":{"title":"-","robots":{"index":"index","follow":"follow","max-snippet":"max-snippet:-1","max-image-preview":"max-image-preview:large","max-video-preview":"max-video-preview:-1"},"canonical":"https:\/\/linedaenen.com\/index.php\/trio-misturado-page-pro\/","og_locale":"fr_FR","og_type":"article","og_title":"-","og_description":"[vc_row][vc_column width=&#8221;1\/4&#8243;][\/vc_column][vc_column width=&#8221;1\/2&#8243;][vc_single_image image=&#8221;3225&#8243; img_size=&#8221;full&#8221; add_caption=&#8221;yes&#8221; alignment=&#8221;center&#8221;][\/vc_column][vc_column width=&#8221;1\/4&#8243;][\/vc_column][\/vc_row][vc_row][vc_column][vc_column_text] Excerpt from the EP: [\/vc_column_text][\/vc_column][\/vc_row][vc_row][vc_column][\/vc_column][\/vc_row][vc_row][vc_column width=&#8221;1\/3&#8243;][vc_empty_space][vc_video link=&#8221;https:\/\/www.youtube.com\/watch?v=C5YmHRMJfMQ&#8221;][\/vc_column][vc_column width=&#8221;1\/3&#8243;][vc_empty_space][vc_video link=&#8221;https:\/\/www.youtube.com\/watch?v=JjwkzRGEwT0&#8243;][\/vc_column][vc_column width=&#8221;1\/3&#8243;][vc_empty_space][vc_video link=&#8221;https:\/\/www.youtube.com\/watch?v=9RYryGF0zZw&#8221;][\/vc_column][\/vc_row][vc_row][vc_column width=&#8221;1\/3&#8243;][vc_empty_space][vc_column_text] Trio misturado, sounds like a good meal with a base of acoustic Brazilian music, sprinkled with jazz and classical music....","og_url":"https:\/\/linedaenen.com\/index.php\/trio-misturado-page-pro\/","article_publisher":"https:\/\/www.facebook.com\/line.daenen","article_modified_time":"2024-07-08T10:47:41+00:00","twitter_card":"summary_large_image","twitter_misc":{"Dur\u00e9e de lecture estim\u00e9e":"3 minutes"},"schema":{"@context":"https:\/\/schema.org","@graph":[{"@type":"WebPage","@id":"https:\/\/linedaenen.com\/index.php\/trio-misturado-page-pro\/","url":"https:\/\/linedaenen.com\/index.php\/trio-misturado-page-pro\/","name":"-","isPartOf":{"@id":"https:\/\/linedaenen.com\/#website"},"datePublished":"2024-07-08T08:02:46+00:00","dateModified":"2024-07-08T10:47:41+00:00","inLanguage":"fr-FR","potentialAction":[{"@type":"ReadAction","target":["https:\/\/linedaenen.com\/index.php\/trio-misturado-page-pro\/"]}]},{"@type":"WebSite","@id":"https:\/\/linedaenen.com\/#website","url":"https:\/\/linedaenen.com\/","name":"Line Daenen","description":"","publisher":{"@id":"https:\/\/linedaenen.com\/#organization"},"potentialAction":[{"@type":"SearchAction","target":{"@type":"EntryPoint","urlTemplate":"https:\/\/linedaenen.com\/?s={search_term_string}"},"query-input":"required name=search_term_string"}],"inLanguage":"fr-FR"},{"@type":"Organization","@id":"https:\/\/linedaenen.com\/#organization","name":"Line Daenen","url":"https:\/\/linedaenen.com\/","logo":{"@type":"ImageObject","inLanguage":"fr-FR","@id":"https:\/\/linedaenen.com\/#\/schema\/logo\/image\/","url":"https:\/\/linedaenen.com\/wp-content\/uploads\/2024\/07\/DYOD_7171.jpg","contentUrl":"https:\/\/linedaenen.com\/wp-content\/uploads\/2024\/07\/DYOD_7171.jpg","width":1555,"height":2333,"caption":"Line Daenen"},"image":{"@id":"https:\/\/linedaenen.com\/#\/schema\/logo\/image\/"},"sameAs":["https:\/\/www.facebook.com\/line.daenen","https:\/\/www.youtube.com\/channel\/UC3VL_rU4orGFkJdhfT6GgGQ"]}]}},"_links":{"self":[{"href":"https:\/\/linedaenen.com\/index.php\/wp-json\/wp\/v2\/pages\/3196","targetHints":{"allow":["GET"]}}],"collection":[{"href":"https:\/\/linedaenen.com\/index.php\/wp-json\/wp\/v2\/pages"}],"about":[{"href":"https:\/\/linedaenen.com\/index.php\/wp-json\/wp\/v2\/types\/page"}],"author":[{"embeddable":true,"href":"https:\/\/linedaenen.com\/index.php\/wp-json\/wp\/v2\/users\/1"}],"replies":[{"embeddable":true,"href":"https:\/\/linedaenen.com\/index.php\/wp-json\/wp\/v2\/comments?post=3196"}],"version-history":[{"count":25,"href":"https:\/\/linedaenen.com\/index.php\/wp-json\/wp\/v2\/pages\/3196\/revisions"}],"predecessor-version":[{"id":3244,"href":"https:\/\/linedaenen.com\/index.php\/wp-json\/wp\/v2\/pages\/3196\/revisions\/3244"}],"wp:attachment":[{"href":"https:\/\/linedaenen.com\/index.php\/wp-json\/wp\/v2\/media?parent=3196"}],"curies":[{"name":"wp","href":"https:\/\/api.w.org\/{rel}","templated":true}]}}