{"id":3246,"date":"2024-07-09T09:59:53","date_gmt":"2024-07-09T07:59:53","guid":{"rendered":"https:\/\/linedaenen.com\/index.php\/venue-dashboard\/"},"modified":"2024-07-09T09:59:53","modified_gmt":"2024-07-09T07:59:53","slug":"venue-dashboard","status":"publish","type":"page","link":"https:\/\/linedaenen.com\/index.php\/venue-dashboard\/","title":{"rendered":"Venue Dashboard"},"content":{"rendered":"\t\t\t<div id=\"event-manager-event-dashboard\">\r\n\t\t\t\t<p class=\"account-sign-in wpem-alert wpem-alert-info\">Vous devez \u00eatre connect\u00e9 pour g\u00e9rer vos listes de lieux. <a href=\"http:\/\/linedaenen.com\/wp-login.php\">Se connecter<\/a><\/p>\r\n\t\t\t<\/div>\r\n\t\t\t\n","protected":false},"excerpt":{"rendered":"Vous devez \u00eatre connect\u00e9 pour g\u00e9rer vos listes de lieux. Se connecter","protected":false},"author":1,"featured_media":0,"parent":0,"menu_order":0,"comment_status":"closed","ping_status":"closed","template":"","meta":{"footnotes":""},"class_list":["post-3246","page","type-page","status-publish","hentry"],"yoast_head":"<!-- This site is optimized with the Yoast SEO plugin v23.0 - https:\/\/yoast.com\/wordpress\/plugins\/seo\/ -->\n<title>Venue Dashboard -<\/title>\n<meta name=\"robots\" content=\"index, follow, max-snippet:-1, max-image-preview:large, max-video-preview:-1\" \/>\n<link rel=\"canonical\" href=\"https:\/\/linedaenen.com\/index.php\/venue-dashboard\/\" \/>\n<meta property=\"og:locale\" content=\"fr_FR\" \/>\n<meta property=\"og:type\" content=\"article\" \/>\n<meta property=\"og:title\" content=\"Venue Dashboard -\" \/>\n<meta property=\"og:url\" content=\"https:\/\/linedaenen.com\/index.php\/venue-dashboard\/\" \/>\n<meta property=\"article:publisher\" content=\"https:\/\/www.facebook.com\/line.daenen\" \/>\n<meta name=\"twitter:card\" content=\"summary_large_image\" \/>\n<script type=\"application\/ld+json\" class=\"yoast-schema-graph\">{\"@context\":\"https:\/\/schema.org\",\"@graph\":[{\"@type\":\"WebPage\",\"@id\":\"https:\/\/linedaenen.com\/index.php\/venue-dashboard\/\",\"url\":\"https:\/\/linedaenen.com\/index.php\/venue-dashboard\/\",\"name\":\"Venue Dashboard -\",\"isPartOf\":{\"@id\":\"https:\/\/linedaenen.com\/#website\"},\"datePublished\":\"2024-07-09T07:59:53+00:00\",\"dateModified\":\"2024-07-09T07:59:53+00:00\",\"breadcrumb\":{\"@id\":\"https:\/\/linedaenen.com\/index.php\/venue-dashboard\/#breadcrumb\"},\"inLanguage\":\"fr-FR\",\"potentialAction\":[{\"@type\":\"ReadAction\",\"target\":[\"https:\/\/linedaenen.com\/index.php\/venue-dashboard\/\"]}]},{\"@type\":\"BreadcrumbList\",\"@id\":\"https:\/\/linedaenen.com\/index.php\/venue-dashboard\/#breadcrumb\",\"itemListElement\":[{\"@type\":\"ListItem\",\"position\":1,\"name\":\"Accueil\",\"item\":\"https:\/\/linedaenen.com\/\"},{\"@type\":\"ListItem\",\"position\":2,\"name\":\"Venue Dashboard\"}]},{\"@type\":\"WebSite\",\"@id\":\"https:\/\/linedaenen.com\/#website\",\"url\":\"https:\/\/linedaenen.com\/\",\"name\":\"Line Daenen\",\"description\":\"\",\"publisher\":{\"@id\":\"https:\/\/linedaenen.com\/#organization\"},\"potentialAction\":[{\"@type\":\"SearchAction\",\"target\":{\"@type\":\"EntryPoint\",\"urlTemplate\":\"https:\/\/linedaenen.com\/?s={search_term_string}\"},\"query-input\":\"required name=search_term_string\"}],\"inLanguage\":\"fr-FR\"},{\"@type\":\"Organization\",\"@id\":\"https:\/\/linedaenen.com\/#organization\",\"name\":\"Line Daenen\",\"url\":\"https:\/\/linedaenen.com\/\",\"logo\":{\"@type\":\"ImageObject\",\"inLanguage\":\"fr-FR\",\"@id\":\"https:\/\/linedaenen.com\/#\/schema\/logo\/image\/\",\"url\":\"https:\/\/linedaenen.com\/wp-content\/uploads\/2024\/07\/DYOD_7171.jpg\",\"contentUrl\":\"https:\/\/linedaenen.com\/wp-content\/uploads\/2024\/07\/DYOD_7171.jpg\",\"width\":1555,\"height\":2333,\"caption\":\"Line Daenen\"},\"image\":{\"@id\":\"https:\/\/linedaenen.com\/#\/schema\/logo\/image\/\"},\"sameAs\":[\"https:\/\/www.facebook.com\/line.daenen\",\"https:\/\/www.youtube.com\/channel\/UC3VL_rU4orGFkJdhfT6GgGQ\"]}]}<\/script>\n<!-- \/ Yoast SEO plugin. -->","yoast_head_json":{"title":"Venue Dashboard -","robots":{"index":"index","follow":"follow","max-snippet":"max-snippet:-1","max-image-preview":"max-image-preview:large","max-video-preview":"max-video-preview:-1"},"canonical":"https:\/\/linedaenen.com\/index.php\/venue-dashboard\/","og_locale":"fr_FR","og_type":"article","og_title":"Venue Dashboard -","og_url":"https:\/\/linedaenen.com\/index.php\/venue-dashboard\/","article_publisher":"https:\/\/www.facebook.com\/line.daenen","twitter_card":"summary_large_image","schema":{"@context":"https:\/\/schema.org","@graph":[{"@type":"WebPage","@id":"https:\/\/linedaenen.com\/index.php\/venue-dashboard\/","url":"https:\/\/linedaenen.com\/index.php\/venue-dashboard\/","name":"Venue Dashboard -","isPartOf":{"@id":"https:\/\/linedaenen.com\/#website"},"datePublished":"2024-07-09T07:59:53+00:00","dateModified":"2024-07-09T07:59:53+00:00","breadcrumb":{"@id":"https:\/\/linedaenen.com\/index.php\/venue-dashboard\/#breadcrumb"},"inLanguage":"fr-FR","potentialAction":[{"@type":"ReadAction","target":["https:\/\/linedaenen.com\/index.php\/venue-dashboard\/"]}]},{"@type":"BreadcrumbList","@id":"https:\/\/linedaenen.com\/index.php\/venue-dashboard\/#breadcrumb","itemListElement":[{"@type":"ListItem","position":1,"name":"Accueil","item":"https:\/\/linedaenen.com\/"},{"@type":"ListItem","position":2,"name":"Venue Dashboard"}]},{"@type":"WebSite","@id":"https:\/\/linedaenen.com\/#website","url":"https:\/\/linedaenen.com\/","name":"Line Daenen","description":"","publisher":{"@id":"https:\/\/linedaenen.com\/#organization"},"potentialAction":[{"@type":"SearchAction","target":{"@type":"EntryPoint","urlTemplate":"https:\/\/linedaenen.com\/?s={search_term_string}"},"query-input":"required name=search_term_string"}],"inLanguage":"fr-FR"},{"@type":"Organization","@id":"https:\/\/linedaenen.com\/#organization","name":"Line Daenen","url":"https:\/\/linedaenen.com\/","logo":{"@type":"ImageObject","inLanguage":"fr-FR","@id":"https:\/\/linedaenen.com\/#\/schema\/logo\/image\/","url":"https:\/\/linedaenen.com\/wp-content\/uploads\/2024\/07\/DYOD_7171.jpg","contentUrl":"https:\/\/linedaenen.com\/wp-content\/uploads\/2024\/07\/DYOD_7171.jpg","width":1555,"height":2333,"caption":"Line Daenen"},"image":{"@id":"https:\/\/linedaenen.com\/#\/schema\/logo\/image\/"},"sameAs":["https:\/\/www.facebook.com\/line.daenen","https:\/\/www.youtube.com\/channel\/UC3VL_rU4orGFkJdhfT6GgGQ"]}]}},"_links":{"self":[{"href":"https:\/\/linedaenen.com\/index.php\/wp-json\/wp\/v2\/pages\/3246","targetHints":{"allow":["GET"]}}],"collection":[{"href":"https:\/\/linedaenen.com\/index.php\/wp-json\/wp\/v2\/pages"}],"about":[{"href":"https:\/\/linedaenen.com\/index.php\/wp-json\/wp\/v2\/types\/page"}],"author":[{"embeddable":true,"href":"https:\/\/linedaenen.com\/index.php\/wp-json\/wp\/v2\/users\/1"}],"replies":[{"embeddable":true,"href":"https:\/\/linedaenen.com\/index.php\/wp-json\/wp\/v2\/comments?post=3246"}],"version-history":[{"count":0,"href":"https:\/\/linedaenen.com\/index.php\/wp-json\/wp\/v2\/pages\/3246\/revisions"}],"wp:attachment":[{"href":"https:\/\/linedaenen.com\/index.php\/wp-json\/wp\/v2\/media?parent=3246"}],"curies":[{"name":"wp","href":"https:\/\/api.w.org\/{rel}","templated":true}]}}